{"id":3366,"date":"2022-11-02T20:46:52","date_gmt":"2022-11-02T19:46:52","guid":{"rendered":"https:\/\/greenyellow-stork-838202.hostingersite.com\/?post_type=product&#038;p=3366"},"modified":"2023-12-13T12:44:12","modified_gmt":"2023-12-13T11:44:12","slug":"hueco-mundo-special-edition-2","status":"publish","type":"product","link":"https:\/\/marcoronconi.com\/it\/product\/hueco-mundo-special-edition-2\/","title":{"rendered":"Hueco mundo Special edition"},"content":{"rendered":"<p><strong><b>Descrizione:<\/b><\/strong><\/p>\n<p><em><i>Due ambienti cos\u00ec diversi, eppur cos\u00ec simili<\/i><\/em><\/p>\n<p><em><i>Condividono una purezza estrema, talvolta feroce<\/i><\/em><\/p>\n<p><em><i>Il vuoto affina tutti i sensi<\/i><\/em><\/p>\n<p>Hueco mundo, ovvero il mondo vuoto. Questo \u00e8 il significato del titolo, nonch\u00e9 la miglior rappresentazione dei contenuti di quest\u2019opera e delle motivazioni che mi hanno portato al suo concepimento e creazione. Il vuoto come oggetto e al tempo stesso ragione della ricerca, come scopo ultimo. Come destinazione e autentica cura. Le immagini di questo volume sono nate come conseguenza di una necessit\u00e0 interiore, prima che professionale. Un viaggio introspettivo e Il primo passo di un processo curativo, un percorso che supera il mero esercizio di stile o la sola ricerca fotografica.<\/p>\n<p>Questo primo arco narrativo, vi porter\u00e0 alla scoperta di due ambienti desertici diametralmente opposti, eppure sorprendentemente simili. Il blu e l\u2019oro sono i due colori che ho \u201csentito\u201d con maggiore intensit\u00e0 in questi luoghi. Le tonalit\u00e0 che meglio rappresentano le loro differenze e somiglianze. Vi stupirete a scoprire quanto effimero sia talvolta il confine tra i due mondi, tanto da poterli quasi confondere.<\/p>\n<p><em><i>\u201cCreato nel pieno della pandemia, &#8220;Hueco mundo&#8221; di Marco Ronconi \u00e8 uno sguardo ipnotizzante su alcuni dei luoghi pi\u00f9 fragili di questo pianeta, nonch\u00e9 l&#8217;opportunit\u00e0 per uno stimolante percorso introspettivo. Il suo lavoro ci costringe a vedere quanto sia vulnerabile e interconnesso il nostro mondo e condivide uno straordinario messaggio su quanto sia importante per la sopravvivenza delle nostre stesse anime, stare a contatto con la natura selvaggia. Le sue immagini mozzafiato ci mostrano come l&#8217;ispirazione venga spesso da momenti di disagio e che non c&#8217;\u00e8 mai un vero &#8220;vuoto&#8221;.<\/i><\/em>\u00a0<br \/>(dall\u2019introduzione di Ami Vitale)<\/p>\n<p><\/p>\n<p><strong><b>The art of hueco mundo <\/b><\/strong><\/p>\n<p>Questo volumetto pu\u00f2 certamente aiutare nella comprensione dei contenuti di Hueco mundo, facendo un passo indietro e uno avanti al tempo stesso. Racconta di me, del mio approccio alla creazione di immagini e della mia filosofia. Dello stato d\u2019animo che mi ha spinto ad iniziare questa avventura. Parla dell\u2019arte e della visione di Hueco mundo non come singolo libro, ma come percorso personale e artistico che mi impegner\u00e0 a pi\u00f9 riprese per lungo tempo. Potrei quasi definirlo un manifesto del mio lavoro e una promessa per quanto deve venire.<\/p>\n<p>Mi piace considerarla come una piccola opera con una sua personalit\u00e0, liberamente non definibile. Mi auguro che il lettore trovi d\u2019ispirazione le mie parole e alcune considerazioni che prescindono dal libro principale. Spero altres\u00ec di riuscire a trasmettere almeno una piccolissima parte delle emozioni che ho potuto vivere nella creazione delle immagini nonch\u00e9 dell\u2019impegno e della passione necessari a concepire e portare a termine progetti di questo tipo. Riuscire a vedere il disegno pi\u00f9 grande, liberandosi dall\u2019ossessione per la ricerca del singolo risultato.<\/p>\n","protected":false},"excerpt":{"rendered":"<p><strong>Il libro<\/strong><\/p>\n<p>Fotografie e testi: Marco Ronconi<\/p>\n<p>Introduzione: Ami Vitale<\/p>\n<p>Lingua: italiano e inglese<\/p>\n<p>Formato: 30 x 24,5 cm, copertina rigida<\/p>\n<p>Pagine: 152<\/p>\n<p>Carta: Fedrigoni Tintoretto gesso 160 g\/m\u00b2<\/p>\n<p>Stampato da: Editoriale Bortolazzi Stei S.r.l<\/p>\n<p>ISBN: 978-88-945727-1-1<\/p>\n<p>Edizioni Kamui, 2022<\/p>\n<p><strong><b>The art of hueco mundo<\/b><\/strong><\/p>\n<p>Fotografie e testi: Marco Ronconi<\/p>\n<p>Lingua: italiano e inglese<\/p>\n<p>Formato: 30&#215;24,5 cm copertina morbida<\/p>\n","protected":false},"featured_media":3552,"template":"","meta":{"_acf_changed":false},"product_brand":[],"product_cat":[387],"product_tag":[],"class_list":{"0":"post-3366","1":"product","2":"type-product","3":"status-publish","4":"has-post-thumbnail","6":"product_cat-book","8":"first","9":"instock","10":"taxable","11":"shipping-taxable","12":"purchasable","13":"product-type-simple"},"acf":[],"yoast_head":"<!-- This site is optimized with the Yoast SEO plugin v26.0 - https:\/\/yoast.com\/wordpress\/plugins\/seo\/ -->\n<title>Hueco mundo Special edition - Marco Ronconi Nature Photographer<\/title>\n<meta name=\"robots\" content=\"index, follow, max-snippet:-1, max-image-preview:large, max-video-preview:-1\" \/>\n<link rel=\"canonical\" href=\"https:\/\/marcoronconi.com\/it\/product\/hueco-mundo-special-edition-2\/\" \/>\n<meta property=\"og:locale\" content=\"it_IT\" \/>\n<meta property=\"og:type\" content=\"article\" \/>\n<meta property=\"og:title\" content=\"Hueco mundo Special edition - Marco Ronconi Nature Photographer\" \/>\n<meta property=\"og:description\" content=\"Il libro  Fotografie e testi: Marco Ronconi  Introduzione: Ami Vitale  Lingua: italiano e inglese  Formato: 30 x 24,5 cm, copertina rigida  Pagine: 152  Carta: Fedrigoni Tintoretto gesso 160 g\/m\u00b2  Stampato da: Editoriale Bortolazzi Stei S.r.l    ISBN: 978-88-945727-1-1  Edizioni Kamui, 2022    The art of hueco mundo  Fotografie e testi: Marco Ronconi  Lingua: italiano e inglese  Formato: 30x24,5 cm copertina morbida\" \/>\n<meta property=\"og:url\" content=\"https:\/\/marcoronconi.com\/it\/product\/hueco-mundo-special-edition-2\/\" \/>\n<meta property=\"og:site_name\" content=\"Marco Ronconi Nature Photographer\" \/>\n<meta property=\"article:publisher\" content=\"https:\/\/www.facebook.com\/Marco-Ronconi-photographer-493864744094649\/\" \/>\n<meta property=\"article:modified_time\" content=\"2023-12-13T11:44:12+00:00\" \/>\n<meta property=\"og:image\" content=\"https:\/\/marcoronconi.com\/wp-content\/uploads\/2022\/11\/cover-2a.jpg\" \/>\n\t<meta property=\"og:image:width\" content=\"1920\" \/>\n\t<meta property=\"og:image:height\" content=\"1109\" \/>\n\t<meta property=\"og:image:type\" content=\"image\/jpeg\" \/>\n<meta name=\"twitter:card\" content=\"summary_large_image\" \/>\n<meta name=\"twitter:label1\" content=\"Tempo di lettura stimato\" \/>\n\t<meta name=\"twitter:data1\" content=\"2 minuti\" \/>\n<script type=\"application\/ld+json\" class=\"yoast-schema-graph\">{\"@context\":\"https:\/\/schema.org\",\"@graph\":[{\"@type\":\"WebPage\",\"@id\":\"https:\/\/marcoronconi.com\/it\/product\/hueco-mundo-special-edition-2\/\",\"url\":\"https:\/\/marcoronconi.com\/it\/product\/hueco-mundo-special-edition-2\/\",\"name\":\"Hueco mundo Special edition - Marco Ronconi Nature Photographer\",\"isPartOf\":{\"@id\":\"https:\/\/marcoronconi.com\/it\/#website\"},\"primaryImageOfPage\":{\"@id\":\"https:\/\/marcoronconi.com\/it\/product\/hueco-mundo-special-edition-2\/#primaryimage\"},\"image\":{\"@id\":\"https:\/\/marcoronconi.com\/it\/product\/hueco-mundo-special-edition-2\/#primaryimage\"},\"thumbnailUrl\":\"https:\/\/marcoronconi.com\/wp-content\/uploads\/2022\/11\/cover-2a.jpg\",\"datePublished\":\"2022-11-02T19:46:52+00:00\",\"dateModified\":\"2023-12-13T11:44:12+00:00\",\"breadcrumb\":{\"@id\":\"https:\/\/marcoronconi.com\/it\/product\/hueco-mundo-special-edition-2\/#breadcrumb\"},\"inLanguage\":\"it-IT\",\"potentialAction\":[{\"@type\":\"ReadAction\",\"target\":[\"https:\/\/marcoronconi.com\/it\/product\/hueco-mundo-special-edition-2\/\"]}]},{\"@type\":\"ImageObject\",\"inLanguage\":\"it-IT\",\"@id\":\"https:\/\/marcoronconi.com\/it\/product\/hueco-mundo-special-edition-2\/#primaryimage\",\"url\":\"https:\/\/marcoronconi.com\/wp-content\/uploads\/2022\/11\/cover-2a.jpg\",\"contentUrl\":\"https:\/\/marcoronconi.com\/wp-content\/uploads\/2022\/11\/cover-2a.jpg\",\"width\":1920,\"height\":1109},{\"@type\":\"BreadcrumbList\",\"@id\":\"https:\/\/marcoronconi.com\/it\/product\/hueco-mundo-special-edition-2\/#breadcrumb\",\"itemListElement\":[{\"@type\":\"ListItem\",\"position\":1,\"name\":\"Home\",\"item\":\"https:\/\/marcoronconi.com\/it\/\"},{\"@type\":\"ListItem\",\"position\":2,\"name\":\"Prodotti\",\"item\":\"https:\/\/marcoronconi.com\/it\/shop\/\"},{\"@type\":\"ListItem\",\"position\":3,\"name\":\"Hueco mundo Special edition\"}]},{\"@type\":\"WebSite\",\"@id\":\"https:\/\/marcoronconi.com\/it\/#website\",\"url\":\"https:\/\/marcoronconi.com\/it\/\",\"name\":\"Marco Ronconi Nature Photographer\",\"description\":\"Marco Ronconi Nature Photographer\",\"publisher\":{\"@id\":\"https:\/\/marcoronconi.com\/it\/#organization\"},\"potentialAction\":[{\"@type\":\"SearchAction\",\"target\":{\"@type\":\"EntryPoint\",\"urlTemplate\":\"https:\/\/marcoronconi.com\/it\/?s={search_term_string}\"},\"query-input\":{\"@type\":\"PropertyValueSpecification\",\"valueRequired\":true,\"valueName\":\"search_term_string\"}}],\"inLanguage\":\"it-IT\"},{\"@type\":\"Organization\",\"@id\":\"https:\/\/marcoronconi.com\/it\/#organization\",\"name\":\"Marco Ronconi Nature Photographer\",\"url\":\"https:\/\/marcoronconi.com\/it\/\",\"logo\":{\"@type\":\"ImageObject\",\"inLanguage\":\"it-IT\",\"@id\":\"https:\/\/marcoronconi.com\/it\/#\/schema\/logo\/image\/\",\"url\":\"https:\/\/marcoronconi.com\/wp-content\/uploads\/2016\/01\/Marco-Ronconi-logo-def.png\",\"contentUrl\":\"https:\/\/marcoronconi.com\/wp-content\/uploads\/2016\/01\/Marco-Ronconi-logo-def.png\",\"width\":350,\"height\":62,\"caption\":\"Marco Ronconi Nature Photographer\"},\"image\":{\"@id\":\"https:\/\/marcoronconi.com\/it\/#\/schema\/logo\/image\/\"},\"sameAs\":[\"https:\/\/www.facebook.com\/Marco-Ronconi-photographer-493864744094649\/\",\"https:\/\/www.instagram.com\/marco_ronconi\/\"]}]}<\/script>\n<!-- \/ Yoast SEO plugin. -->","yoast_head_json":{"title":"Hueco mundo Special edition - Marco Ronconi Nature Photographer","robots":{"index":"index","follow":"follow","max-snippet":"max-snippet:-1","max-image-preview":"max-image-preview:large","max-video-preview":"max-video-preview:-1"},"canonical":"https:\/\/marcoronconi.com\/it\/product\/hueco-mundo-special-edition-2\/","og_locale":"it_IT","og_type":"article","og_title":"Hueco mundo Special edition - Marco Ronconi Nature Photographer","og_description":"Il libro  Fotografie e testi: Marco Ronconi  Introduzione: Ami Vitale  Lingua: italiano e inglese  Formato: 30 x 24,5 cm, copertina rigida  Pagine: 152  Carta: Fedrigoni Tintoretto gesso 160 g\/m\u00b2  Stampato da: Editoriale Bortolazzi Stei S.r.l    ISBN: 978-88-945727-1-1  Edizioni Kamui, 2022    The art of hueco mundo  Fotografie e testi: Marco Ronconi  Lingua: italiano e inglese  Formato: 30x24,5 cm copertina morbida","og_url":"https:\/\/marcoronconi.com\/it\/product\/hueco-mundo-special-edition-2\/","og_site_name":"Marco Ronconi Nature Photographer","article_publisher":"https:\/\/www.facebook.com\/Marco-Ronconi-photographer-493864744094649\/","article_modified_time":"2023-12-13T11:44:12+00:00","og_image":[{"width":1920,"height":1109,"url":"https:\/\/marcoronconi.com\/wp-content\/uploads\/2022\/11\/cover-2a.jpg","type":"image\/jpeg"}],"twitter_card":"summary_large_image","twitter_misc":{"Tempo di lettura stimato":"2 minuti"},"schema":{"@context":"https:\/\/schema.org","@graph":[{"@type":"WebPage","@id":"https:\/\/marcoronconi.com\/it\/product\/hueco-mundo-special-edition-2\/","url":"https:\/\/marcoronconi.com\/it\/product\/hueco-mundo-special-edition-2\/","name":"Hueco mundo Special edition - Marco Ronconi Nature Photographer","isPartOf":{"@id":"https:\/\/marcoronconi.com\/it\/#website"},"primaryImageOfPage":{"@id":"https:\/\/marcoronconi.com\/it\/product\/hueco-mundo-special-edition-2\/#primaryimage"},"image":{"@id":"https:\/\/marcoronconi.com\/it\/product\/hueco-mundo-special-edition-2\/#primaryimage"},"thumbnailUrl":"https:\/\/marcoronconi.com\/wp-content\/uploads\/2022\/11\/cover-2a.jpg","datePublished":"2022-11-02T19:46:52+00:00","dateModified":"2023-12-13T11:44:12+00:00","breadcrumb":{"@id":"https:\/\/marcoronconi.com\/it\/product\/hueco-mundo-special-edition-2\/#breadcrumb"},"inLanguage":"it-IT","potentialAction":[{"@type":"ReadAction","target":["https:\/\/marcoronconi.com\/it\/product\/hueco-mundo-special-edition-2\/"]}]},{"@type":"ImageObject","inLanguage":"it-IT","@id":"https:\/\/marcoronconi.com\/it\/product\/hueco-mundo-special-edition-2\/#primaryimage","url":"https:\/\/marcoronconi.com\/wp-content\/uploads\/2022\/11\/cover-2a.jpg","contentUrl":"https:\/\/marcoronconi.com\/wp-content\/uploads\/2022\/11\/cover-2a.jpg","width":1920,"height":1109},{"@type":"BreadcrumbList","@id":"https:\/\/marcoronconi.com\/it\/product\/hueco-mundo-special-edition-2\/#breadcrumb","itemListElement":[{"@type":"ListItem","position":1,"name":"Home","item":"https:\/\/marcoronconi.com\/it\/"},{"@type":"ListItem","position":2,"name":"Prodotti","item":"https:\/\/marcoronconi.com\/it\/shop\/"},{"@type":"ListItem","position":3,"name":"Hueco mundo Special edition"}]},{"@type":"WebSite","@id":"https:\/\/marcoronconi.com\/it\/#website","url":"https:\/\/marcoronconi.com\/it\/","name":"Marco Ronconi Nature Photographer","description":"Marco Ronconi Nature Photographer","publisher":{"@id":"https:\/\/marcoronconi.com\/it\/#organization"},"potentialAction":[{"@type":"SearchAction","target":{"@type":"EntryPoint","urlTemplate":"https:\/\/marcoronconi.com\/it\/?s={search_term_string}"},"query-input":{"@type":"PropertyValueSpecification","valueRequired":true,"valueName":"search_term_string"}}],"inLanguage":"it-IT"},{"@type":"Organization","@id":"https:\/\/marcoronconi.com\/it\/#organization","name":"Marco Ronconi Nature Photographer","url":"https:\/\/marcoronconi.com\/it\/","logo":{"@type":"ImageObject","inLanguage":"it-IT","@id":"https:\/\/marcoronconi.com\/it\/#\/schema\/logo\/image\/","url":"https:\/\/marcoronconi.com\/wp-content\/uploads\/2016\/01\/Marco-Ronconi-logo-def.png","contentUrl":"https:\/\/marcoronconi.com\/wp-content\/uploads\/2016\/01\/Marco-Ronconi-logo-def.png","width":350,"height":62,"caption":"Marco Ronconi Nature Photographer"},"image":{"@id":"https:\/\/marcoronconi.com\/it\/#\/schema\/logo\/image\/"},"sameAs":["https:\/\/www.facebook.com\/Marco-Ronconi-photographer-493864744094649\/","https:\/\/www.instagram.com\/marco_ronconi\/"]}]}},"_links":{"self":[{"href":"https:\/\/marcoronconi.com\/it\/wp-json\/wp\/v2\/product\/3366","targetHints":{"allow":["GET"]}}],"collection":[{"href":"https:\/\/marcoronconi.com\/it\/wp-json\/wp\/v2\/product"}],"about":[{"href":"https:\/\/marcoronconi.com\/it\/wp-json\/wp\/v2\/types\/product"}],"version-history":[{"count":13,"href":"https:\/\/marcoronconi.com\/it\/wp-json\/wp\/v2\/product\/3366\/revisions"}],"predecessor-version":[{"id":4359,"href":"https:\/\/marcoronconi.com\/it\/wp-json\/wp\/v2\/product\/3366\/revisions\/4359"}],"wp:featuredmedia":[{"embeddable":true,"href":"https:\/\/marcoronconi.com\/it\/wp-json\/wp\/v2\/media\/3552"}],"wp:attachment":[{"href":"https:\/\/marcoronconi.com\/it\/wp-json\/wp\/v2\/media?parent=3366"}],"wp:term":[{"taxonomy":"product_brand","embeddable":true,"href":"https:\/\/marcoronconi.com\/it\/wp-json\/wp\/v2\/product_brand?post=3366"},{"taxonomy":"product_cat","embeddable":true,"href":"https:\/\/marcoronconi.com\/it\/wp-json\/wp\/v2\/product_cat?post=3366"},{"taxonomy":"product_tag","embeddable":true,"href":"https:\/\/marcoronconi.com\/it\/wp-json\/wp\/v2\/product_tag?post=3366"}],"curies":[{"name":"wp","href":"https:\/\/api.w.org\/{rel}","templated":true}]}}