{"id":3460,"date":"2022-11-05T11:38:45","date_gmt":"2022-11-05T10:38:45","guid":{"rendered":"https:\/\/greenyellow-stork-838202.hostingersite.com\/?page_id=3460"},"modified":"2022-11-18T14:42:54","modified_gmt":"2022-11-18T13:42:54","slug":"edizioni-kamui","status":"publish","type":"page","link":"https:\/\/marcoronconi.com\/it\/edizioni-kamui\/","title":{"rendered":"Edizioni Kamui"},"content":{"rendered":"\t\t<div data-elementor-type=\"wp-page\" data-elementor-id=\"3460\" class=\"elementor elementor-3460\">\n\t\t\t\t\t\t<section class=\"elementor-section elementor-top-section elementor-element elementor-element-849d5ec elementor-section-boxed elementor-section-height-default elementor-section-height-default\" data-id=\"849d5ec\" data-element_type=\"section\">\n\t\t\t\t\t\t<div class=\"elementor-container elementor-column-gap-default\">\n\t\t\t\t\t<div class=\"elementor-column elementor-col-100 elementor-top-column elementor-element elementor-element-5aa5d79\" data-id=\"5aa5d79\" data-element_type=\"column\">\n\t\t\t<div class=\"elementor-widget-wrap elementor-element-populated\">\n\t\t\t\t\t\t<div class=\"elementor-element elementor-element-8f578a8 elementor-widget elementor-widget-spacer\" data-id=\"8f578a8\" data-element_type=\"widget\" data-widget_type=\"spacer.default\">\n\t\t\t\t<div class=\"elementor-widget-container\">\n\t\t\t\t\t\t\t<div class=\"elementor-spacer\">\n\t\t\t<div class=\"elementor-spacer-inner\"><\/div>\n\t\t<\/div>\n\t\t\t\t\t\t<\/div>\n\t\t\t\t<\/div>\n\t\t\t\t<div class=\"elementor-element elementor-element-76e6b5a elementor-widget elementor-widget-heading\" data-id=\"76e6b5a\" data-element_type=\"widget\" data-widget_type=\"heading.default\">\n\t\t\t\t<div class=\"elementor-widget-container\">\n\t\t\t\t\t<h2 class=\"elementor-heading-title elementor-size-default\">EDIZIONI KAMUI<\/h2>\t\t\t\t<\/div>\n\t\t\t\t<\/div>\n\t\t\t\t<div class=\"elementor-element elementor-element-4827348 elementor-widget-divider--view-line elementor-widget elementor-widget-divider\" data-id=\"4827348\" data-element_type=\"widget\" data-widget_type=\"divider.default\">\n\t\t\t\t<div class=\"elementor-widget-container\">\n\t\t\t\t\t\t\t<div class=\"elementor-divider\">\n\t\t\t<span class=\"elementor-divider-separator\">\n\t\t\t\t\t\t<\/span>\n\t\t<\/div>\n\t\t\t\t\t\t<\/div>\n\t\t\t\t<\/div>\n\t\t\t\t<div class=\"elementor-element elementor-element-ab241d5 elementor-widget elementor-widget-text-editor\" data-id=\"ab241d5\" data-element_type=\"widget\" data-widget_type=\"text-editor.default\">\n\t\t\t\t<div class=\"elementor-widget-container\">\n\t\t\t\t\t\t\t\t\t<p style=\"text-align: center;\"><em>Le mie pubblicazioni<\/em><\/p>\t\t\t\t\t\t\t\t<\/div>\n\t\t\t\t<\/div>\n\t\t\t\t\t<\/div>\n\t\t<\/div>\n\t\t\t\t\t<\/div>\n\t\t<\/section>\n\t\t\t\t<section class=\"elementor-section elementor-top-section elementor-element elementor-element-f447356 elementor-section-boxed elementor-section-height-default elementor-section-height-default\" data-id=\"f447356\" data-element_type=\"section\">\n\t\t\t\t\t\t<div class=\"elementor-container elementor-column-gap-default\">\n\t\t\t\t\t<div class=\"elementor-column elementor-col-100 elementor-top-column elementor-element elementor-element-673dd8b\" data-id=\"673dd8b\" data-element_type=\"column\">\n\t\t\t<div class=\"elementor-widget-wrap elementor-element-populated\">\n\t\t\t\t\t\t<section class=\"elementor-section elementor-inner-section elementor-element elementor-element-e4ae75e elementor-section-boxed elementor-section-height-default elementor-section-height-default\" data-id=\"e4ae75e\" data-element_type=\"section\">\n\t\t\t\t\t\t<div class=\"elementor-container elementor-column-gap-default\">\n\t\t\t\t\t<div class=\"elementor-column elementor-col-33 elementor-inner-column elementor-element elementor-element-2e4bad7\" data-id=\"2e4bad7\" data-element_type=\"column\">\n\t\t\t<div class=\"elementor-widget-wrap elementor-element-populated\">\n\t\t\t\t\t\t<div class=\"elementor-element elementor-element-30a80c0 elementor-widget elementor-widget-image\" data-id=\"30a80c0\" data-element_type=\"widget\" data-widget_type=\"image.default\">\n\t\t\t\t<div class=\"elementor-widget-container\">\n\t\t\t\t\t\t\t\t\t\t\t\t\t\t\t<img fetchpriority=\"high\" decoding=\"async\" width=\"1024\" height=\"798\" src=\"https:\/\/marcoronconi.com\/wp-content\/uploads\/2021\/05\/kamui_logo_bear-icon.jpg\" class=\"attachment-large size-large wp-image-2722\" alt=\"\" \/>\t\t\t\t\t\t\t\t\t\t\t\t\t\t\t<\/div>\n\t\t\t\t<\/div>\n\t\t\t\t\t<\/div>\n\t\t<\/div>\n\t\t\t\t<div class=\"elementor-column elementor-col-66 elementor-inner-column elementor-element elementor-element-43ae4fc\" data-id=\"43ae4fc\" data-element_type=\"column\">\n\t\t\t<div class=\"elementor-widget-wrap elementor-element-populated\">\n\t\t\t\t\t\t<div class=\"elementor-element elementor-element-d247402 elementor-widget elementor-widget-text-editor\" data-id=\"d247402\" data-element_type=\"widget\" data-widget_type=\"text-editor.default\">\n\t\t\t\t<div class=\"elementor-widget-container\">\n\t\t\t\t\t\t\t\t\t<p>La parola Kamui indica uno dei concetti basilari della religione del popolo Ainu, i nativi dell\u2019isola giapponese di Hokkaido e delle isole Curili, nonch\u00e9 di una parte delle coste della Kamchatka.<\/p><p>Nel loro credo, ogni cosa del mondo naturale \u00e8 popolata da divinit\u00e0 o spiriti, solo di passaggio nel mondo terreno, chiamati appunto Kamui. Il mondo per gli Ainu \u00e8 un equilibrio tra terreno e ultraterreno, che tutti gli uomini devono rispettare e non turbare o trasformare in alcun modo. Tra i Kamui pi\u00f9 importanti, Kimun Kamui, ovvero il dio delle montagne incarnato nel grande orso bruno.<\/p><p>Ho amato quei luoghi sin dal primo viaggio, sentendo un\u2019attrazione che le parole non riuscirebbero a descrivere compiutamente.<\/p><p>La mia casa editrice nasce con l\u2019obbiettivo di creare e offrire libri di qualit\u00e0, con grande attenzione per i materiali e il design. Privilegiare ci\u00f2 che mi piace e nutre la mia anima, sottraendomi a logiche puramente commerciali.<\/p>\t\t\t\t\t\t\t\t<\/div>\n\t\t\t\t<\/div>\n\t\t\t\t\t<\/div>\n\t\t<\/div>\n\t\t\t\t\t<\/div>\n\t\t<\/section>\n\t\t\t\t\t<\/div>\n\t\t<\/div>\n\t\t\t\t\t<\/div>\n\t\t<\/section>\n\t\t\t\t<section class=\"elementor-section elementor-top-section elementor-element elementor-element-efcaacd elementor-section-boxed elementor-section-height-default elementor-section-height-default\" data-id=\"efcaacd\" data-element_type=\"section\">\n\t\t\t\t\t\t<div class=\"elementor-container elementor-column-gap-default\">\n\t\t\t\t\t<div class=\"elementor-column elementor-col-100 elementor-top-column elementor-element elementor-element-8b89396\" data-id=\"8b89396\" data-element_type=\"column\">\n\t\t\t<div class=\"elementor-widget-wrap elementor-element-populated\">\n\t\t\t\t\t\t<div class=\"elementor-element elementor-element-19d301f elementor-widget-divider--view-line elementor-widget elementor-widget-divider\" data-id=\"19d301f\" data-element_type=\"widget\" data-widget_type=\"divider.default\">\n\t\t\t\t<div class=\"elementor-widget-container\">\n\t\t\t\t\t\t\t<div class=\"elementor-divider\">\n\t\t\t<span class=\"elementor-divider-separator\">\n\t\t\t\t\t\t<\/span>\n\t\t<\/div>\n\t\t\t\t\t\t<\/div>\n\t\t\t\t<\/div>\n\t\t\t\t<div class=\"elementor-element elementor-element-e7002ef elementor-widget elementor-widget-heading\" data-id=\"e7002ef\" data-element_type=\"widget\" data-widget_type=\"heading.default\">\n\t\t\t\t<div class=\"elementor-widget-container\">\n\t\t\t\t\t<h2 class=\"elementor-heading-title elementor-size-default\">I LIBRI<\/h2>\t\t\t\t<\/div>\n\t\t\t\t<\/div>\n\t\t\t\t\t<\/div>\n\t\t<\/div>\n\t\t\t\t\t<\/div>\n\t\t<\/section>\n\t\t\t\t<section class=\"elementor-section elementor-top-section elementor-element elementor-element-fbcc24a elementor-section-boxed elementor-section-height-default elementor-section-height-default\" data-id=\"fbcc24a\" data-element_type=\"section\">\n\t\t\t\t\t\t<div class=\"elementor-container elementor-column-gap-default\">\n\t\t\t\t\t<div class=\"elementor-column elementor-col-100 elementor-top-column elementor-element elementor-element-08b1b8a\" data-id=\"08b1b8a\" data-element_type=\"column\">\n\t\t\t<div class=\"elementor-widget-wrap elementor-element-populated\">\n\t\t\t\t\t\t<div class=\"elementor-element elementor-element-a40ebb2 elementor-grid-3 elementor-product-loop-item--align-center elementor-grid-tablet-3 elementor-grid-mobile-2 elementor-products-grid elementor-wc-products elementor-widget elementor-widget-woocommerce-products\" data-id=\"a40ebb2\" data-element_type=\"widget\" data-widget_type=\"woocommerce-products.default\">\n\t\t\t\t<div class=\"elementor-widget-container\">\n\t\t\t\t\t<div class=\"woocommerce columns-3 \"><ul class=\"products elementor-grid columns-3\">\n<li class=\"product type-product post-3489 status-publish first instock product_cat-book has-post-thumbnail taxable shipping-taxable purchasable product-type-simple\">\n\t<a href=\"https:\/\/marcoronconi.com\/it\/product\/hueco-mundo\/\" class=\"woocommerce-LoopProduct-link woocommerce-loop-product__link\"><img decoding=\"async\" width=\"900\" height=\"540\" src=\"https:\/\/marcoronconi.com\/wp-content\/uploads\/2022\/11\/hueco-mundo-cover-900x540.jpg\" class=\"attachment-woocommerce_thumbnail size-woocommerce_thumbnail\" alt=\"Hueco mundo\" \/><h2 class=\"woocommerce-loop-product__title\">Hueco mundo<\/h2>\n\t<span class=\"price\"><span class=\"woocommerce-Price-amount amount\"><bdi><span class=\"woocommerce-Price-currencySymbol\">&euro;<\/span>&nbsp;39,00<\/bdi><\/span><\/span>\n<\/a><a href=\"\/it\/wp-json\/wp\/v2\/pages\/3460?add-to-cart=3489\" aria-describedby=\"woocommerce_loop_add_to_cart_link_describedby_3489\" data-quantity=\"1\" class=\"button product_type_simple add_to_cart_button ajax_add_to_cart\" data-product_id=\"3489\" data-product_sku=\"\" aria-label=\"Aggiungi al carrello: &quot;Hueco mundo&quot;\" rel=\"nofollow\" data-success_message=\"&quot;Hueco mundo&quot; \u00e8 stato aggiunto al tuo carrello\" role=\"button\">Aggiungi al carrello<\/a>\t<span id=\"woocommerce_loop_add_to_cart_link_describedby_3489\" class=\"screen-reader-text\">\n\t\t\t<\/span>\n<\/li>\n<li class=\"product type-product post-3366 status-publish instock product_cat-book has-post-thumbnail taxable shipping-taxable purchasable product-type-simple\">\n\t<a href=\"https:\/\/marcoronconi.com\/it\/product\/hueco-mundo-special-edition-2\/\" class=\"woocommerce-LoopProduct-link woocommerce-loop-product__link\"><img decoding=\"async\" width=\"900\" height=\"540\" src=\"https:\/\/marcoronconi.com\/wp-content\/uploads\/2022\/11\/cover-2a-900x540.jpg\" class=\"attachment-woocommerce_thumbnail size-woocommerce_thumbnail\" alt=\"Hueco mundo Special edition\" \/><h2 class=\"woocommerce-loop-product__title\">Hueco mundo Special edition<\/h2>\n\t<span class=\"price\"><span class=\"woocommerce-Price-amount amount\"><bdi><span class=\"woocommerce-Price-currencySymbol\">&euro;<\/span>&nbsp;59,00<\/bdi><\/span><\/span>\n<\/a><a href=\"\/it\/wp-json\/wp\/v2\/pages\/3460?add-to-cart=3366\" aria-describedby=\"woocommerce_loop_add_to_cart_link_describedby_3366\" data-quantity=\"1\" class=\"button product_type_simple add_to_cart_button ajax_add_to_cart\" data-product_id=\"3366\" data-product_sku=\"\" aria-label=\"Aggiungi al carrello: &quot;Hueco mundo Special edition&quot;\" rel=\"nofollow\" data-success_message=\"&quot;Hueco mundo Special edition&quot; \u00e8 stato aggiunto al tuo carrello\" role=\"button\">Aggiungi al carrello<\/a>\t<span id=\"woocommerce_loop_add_to_cart_link_describedby_3366\" class=\"screen-reader-text\">\n\t\t\t<\/span>\n<\/li>\n<li class=\"product type-product post-3361 status-publish last instock product_cat-book-print has-post-thumbnail taxable shipping-taxable purchasable product-type-variable\">\n\t<a href=\"https:\/\/marcoronconi.com\/it\/product\/hueco-mundo-limited-edition\/\" class=\"woocommerce-LoopProduct-link woocommerce-loop-product__link\"><img loading=\"lazy\" decoding=\"async\" width=\"900\" height=\"540\" src=\"https:\/\/marcoronconi.com\/wp-content\/uploads\/2022\/11\/cover-2a-900x540.jpg\" class=\"attachment-woocommerce_thumbnail size-woocommerce_thumbnail\" alt=\"Hueco mundo Limited edition\" \/><h2 class=\"woocommerce-loop-product__title\">Hueco mundo Limited edition<\/h2>\n\t<span class=\"price\"><span class=\"woocommerce-Price-amount amount\"><bdi><span class=\"woocommerce-Price-currencySymbol\">&euro;<\/span>&nbsp;169,00<\/bdi><\/span><\/span>\n<\/a><a href=\"https:\/\/marcoronconi.com\/it\/product\/hueco-mundo-limited-edition\/\" aria-describedby=\"woocommerce_loop_add_to_cart_link_describedby_3361\" data-quantity=\"1\" class=\"button product_type_variable add_to_cart_button\" data-product_id=\"3361\" data-product_sku=\"\" aria-label=\"Seleziona le opzioni per &ldquo;Hueco mundo Limited edition&rdquo;\" rel=\"nofollow\">Scegli<\/a>\t<span id=\"woocommerce_loop_add_to_cart_link_describedby_3361\" class=\"screen-reader-text\">\n\t\tQuesto prodotto ha pi\u00f9 varianti. Le opzioni possono essere scelte nella pagina del prodotto\t<\/span>\n<\/li>\n<li class=\"product type-product post-3356 status-publish first outofstock product_cat-book has-post-thumbnail taxable shipping-taxable purchasable product-type-simple\">\n\t<a href=\"https:\/\/marcoronconi.com\/it\/product\/chiaro-scuro-limited-edition\/\" class=\"woocommerce-LoopProduct-link woocommerce-loop-product__link\"><img loading=\"lazy\" decoding=\"async\" width=\"900\" height=\"540\" src=\"https:\/\/marcoronconi.com\/wp-content\/uploads\/2022\/11\/Chiaro-Scuro-Limited-1-900x540.jpg\" class=\"attachment-woocommerce_thumbnail size-woocommerce_thumbnail\" alt=\"Chiaro Scuro Limited Edition\" \/><h2 class=\"woocommerce-loop-product__title\">Chiaro Scuro Limited Edition<\/h2>\n<p class=\"stock out-of-stock\">Out of Stock<\/p><\/a><a href=\"https:\/\/marcoronconi.com\/it\/product\/chiaro-scuro-limited-edition\/\" aria-describedby=\"woocommerce_loop_add_to_cart_link_describedby_3356\" data-quantity=\"1\" class=\"button product_type_simple\" data-product_id=\"3356\" data-product_sku=\"\" aria-label=\"Leggi di pi\u00f9 su &quot;Chiaro Scuro Limited Edition&quot;\" rel=\"nofollow\" data-success_message=\"\">Leggi tutto<\/a>\t<span id=\"woocommerce_loop_add_to_cart_link_describedby_3356\" class=\"screen-reader-text\">\n\t\t\t<\/span>\n<\/li>\n<li class=\"product type-product post-3353 status-publish outofstock product_cat-book has-post-thumbnail taxable shipping-taxable purchasable product-type-simple\">\n\t<a href=\"https:\/\/marcoronconi.com\/it\/product\/chiaro-scuro\/\" class=\"woocommerce-LoopProduct-link woocommerce-loop-product__link\"><img loading=\"lazy\" decoding=\"async\" width=\"900\" height=\"540\" src=\"https:\/\/marcoronconi.com\/wp-content\/uploads\/2022\/11\/Chiaro-Scuro-900x540.jpg\" class=\"attachment-woocommerce_thumbnail size-woocommerce_thumbnail\" alt=\"Chiaro Scuro\" \/><h2 class=\"woocommerce-loop-product__title\">Chiaro Scuro<\/h2>\n<p class=\"stock out-of-stock\">Out of Stock<\/p><\/a><a href=\"https:\/\/marcoronconi.com\/it\/product\/chiaro-scuro\/\" aria-describedby=\"woocommerce_loop_add_to_cart_link_describedby_3353\" data-quantity=\"1\" class=\"button product_type_simple\" data-product_id=\"3353\" data-product_sku=\"\" aria-label=\"Leggi di pi\u00f9 su &quot;Chiaro Scuro&quot;\" rel=\"nofollow\" data-success_message=\"\">Leggi tutto<\/a>\t<span id=\"woocommerce_loop_add_to_cart_link_describedby_3353\" class=\"screen-reader-text\">\n\t\t\t<\/span>\n<\/li>\n<li class=\"product type-product post-3284 status-publish last instock product_cat-book has-post-thumbnail taxable shipping-taxable purchasable product-type-simple\">\n\t<a href=\"https:\/\/marcoronconi.com\/it\/product\/hueco-mundo-special-edition\/\" class=\"woocommerce-LoopProduct-link woocommerce-loop-product__link\"><img loading=\"lazy\" decoding=\"async\" width=\"900\" height=\"540\" src=\"https:\/\/marcoronconi.com\/wp-content\/uploads\/2022\/11\/cover-2a-900x540.jpg\" class=\"attachment-woocommerce_thumbnail size-woocommerce_thumbnail\" alt=\"Hueco Mundo Special Edition\" \/><h2 class=\"woocommerce-loop-product__title\">Hueco Mundo Special Edition<\/h2>\n\t<span class=\"price\"><span class=\"woocommerce-Price-amount amount\"><bdi><span class=\"woocommerce-Price-currencySymbol\">&euro;<\/span>&nbsp;59,00<\/bdi><\/span><\/span>\n<\/a><a href=\"\/it\/wp-json\/wp\/v2\/pages\/3460?add-to-cart=3284\" aria-describedby=\"woocommerce_loop_add_to_cart_link_describedby_3284\" data-quantity=\"1\" class=\"button product_type_simple add_to_cart_button ajax_add_to_cart\" data-product_id=\"3284\" data-product_sku=\"\" aria-label=\"Aggiungi al carrello: &quot;Hueco Mundo Special Edition&quot;\" rel=\"nofollow\" data-success_message=\"&quot;Hueco Mundo Special Edition&quot; \u00e8 stato aggiunto al tuo carrello\" role=\"button\">Aggiungi al carrello<\/a>\t<span id=\"woocommerce_loop_add_to_cart_link_describedby_3284\" class=\"screen-reader-text\">\n\t\t\t<\/span>\n<\/li>\n<\/ul>\n<\/div>\t\t\t\t<\/div>\n\t\t\t\t<\/div>\n\t\t\t\t\t<\/div>\n\t\t<\/div>\n\t\t\t\t\t<\/div>\n\t\t<\/section>\n\t\t\t\t<\/div>\n\t\t","protected":false},"excerpt":{"rendered":"","protected":false},"author":2,"featured_media":0,"parent":0,"menu_order":0,"comment_status":"closed","ping_status":"closed","template":"","meta":{"_acf_changed":false,"footnotes":""},"class_list":["post-3460","page","type-page","status-publish","hentry"],"acf":[],"yoast_head":"<!-- This site is optimized with the Yoast SEO plugin v26.0 - https:\/\/yoast.com\/wordpress\/plugins\/seo\/ -->\n<title>Edizioni Kamui Marco Ronconi Nature Photographer<\/title>\n<meta name=\"robots\" content=\"index, follow, max-snippet:-1, max-image-preview:large, max-video-preview:-1\" \/>\n<link rel=\"canonical\" href=\"https:\/\/marcoronconi.com\/it\/edizioni-kamui\/\" \/>\n<meta property=\"og:locale\" content=\"it_IT\" \/>\n<meta property=\"og:type\" content=\"article\" \/>\n<meta property=\"og:title\" content=\"Edizioni Kamui Marco Ronconi Nature Photographer\" \/>\n<meta property=\"og:url\" content=\"https:\/\/marcoronconi.com\/it\/edizioni-kamui\/\" \/>\n<meta property=\"og:site_name\" content=\"Marco Ronconi Nature Photographer\" \/>\n<meta property=\"article:publisher\" content=\"https:\/\/www.facebook.com\/Marco-Ronconi-photographer-493864744094649\/\" \/>\n<meta property=\"article:modified_time\" content=\"2022-11-18T13:42:54+00:00\" \/>\n<meta property=\"og:image\" content=\"http:\/\/marcoronconi.com\/wp-content\/uploads\/2021\/05\/kamui_logo_bear-icon.jpg\" \/>\n<meta name=\"twitter:card\" content=\"summary_large_image\" \/>\n<meta name=\"twitter:label1\" content=\"Tempo di lettura stimato\" \/>\n\t<meta name=\"twitter:data1\" content=\"3 minuti\" \/>\n<script type=\"application\/ld+json\" class=\"yoast-schema-graph\">{\"@context\":\"https:\/\/schema.org\",\"@graph\":[{\"@type\":\"WebPage\",\"@id\":\"https:\/\/marcoronconi.com\/it\/edizioni-kamui\/\",\"url\":\"https:\/\/marcoronconi.com\/it\/edizioni-kamui\/\",\"name\":\"Edizioni Kamui Marco Ronconi Nature Photographer\",\"isPartOf\":{\"@id\":\"https:\/\/marcoronconi.com\/it\/#website\"},\"primaryImageOfPage\":{\"@id\":\"https:\/\/marcoronconi.com\/it\/edizioni-kamui\/#primaryimage\"},\"image\":{\"@id\":\"https:\/\/marcoronconi.com\/it\/edizioni-kamui\/#primaryimage\"},\"thumbnailUrl\":\"http:\/\/marcoronconi.com\/wp-content\/uploads\/2021\/05\/kamui_logo_bear-icon.jpg\",\"datePublished\":\"2022-11-05T10:38:45+00:00\",\"dateModified\":\"2022-11-18T13:42:54+00:00\",\"breadcrumb\":{\"@id\":\"https:\/\/marcoronconi.com\/it\/edizioni-kamui\/#breadcrumb\"},\"inLanguage\":\"it-IT\",\"potentialAction\":[{\"@type\":\"ReadAction\",\"target\":[\"https:\/\/marcoronconi.com\/it\/edizioni-kamui\/\"]}]},{\"@type\":\"ImageObject\",\"inLanguage\":\"it-IT\",\"@id\":\"https:\/\/marcoronconi.com\/it\/edizioni-kamui\/#primaryimage\",\"url\":\"http:\/\/marcoronconi.com\/wp-content\/uploads\/2021\/05\/kamui_logo_bear-icon.jpg\",\"contentUrl\":\"http:\/\/marcoronconi.com\/wp-content\/uploads\/2021\/05\/kamui_logo_bear-icon.jpg\"},{\"@type\":\"BreadcrumbList\",\"@id\":\"https:\/\/marcoronconi.com\/it\/edizioni-kamui\/#breadcrumb\",\"itemListElement\":[{\"@type\":\"ListItem\",\"position\":1,\"name\":\"Home\",\"item\":\"https:\/\/marcoronconi.com\/it\/\"},{\"@type\":\"ListItem\",\"position\":2,\"name\":\"Edizioni Kamui\"}]},{\"@type\":\"WebSite\",\"@id\":\"https:\/\/marcoronconi.com\/it\/#website\",\"url\":\"https:\/\/marcoronconi.com\/it\/\",\"name\":\"Marco Ronconi Nature Photographer\",\"description\":\"Marco Ronconi Nature Photographer\",\"publisher\":{\"@id\":\"https:\/\/marcoronconi.com\/it\/#organization\"},\"potentialAction\":[{\"@type\":\"SearchAction\",\"target\":{\"@type\":\"EntryPoint\",\"urlTemplate\":\"https:\/\/marcoronconi.com\/it\/?s={search_term_string}\"},\"query-input\":{\"@type\":\"PropertyValueSpecification\",\"valueRequired\":true,\"valueName\":\"search_term_string\"}}],\"inLanguage\":\"it-IT\"},{\"@type\":\"Organization\",\"@id\":\"https:\/\/marcoronconi.com\/it\/#organization\",\"name\":\"Marco Ronconi Nature Photographer\",\"url\":\"https:\/\/marcoronconi.com\/it\/\",\"logo\":{\"@type\":\"ImageObject\",\"inLanguage\":\"it-IT\",\"@id\":\"https:\/\/marcoronconi.com\/it\/#\/schema\/logo\/image\/\",\"url\":\"https:\/\/marcoronconi.com\/wp-content\/uploads\/2016\/01\/Marco-Ronconi-logo-def.png\",\"contentUrl\":\"https:\/\/marcoronconi.com\/wp-content\/uploads\/2016\/01\/Marco-Ronconi-logo-def.png\",\"width\":350,\"height\":62,\"caption\":\"Marco Ronconi Nature Photographer\"},\"image\":{\"@id\":\"https:\/\/marcoronconi.com\/it\/#\/schema\/logo\/image\/\"},\"sameAs\":[\"https:\/\/www.facebook.com\/Marco-Ronconi-photographer-493864744094649\/\",\"https:\/\/www.instagram.com\/marco_ronconi\/\"]}]}<\/script>\n<!-- \/ Yoast SEO plugin. -->","yoast_head_json":{"title":"Edizioni Kamui Marco Ronconi Nature Photographer","robots":{"index":"index","follow":"follow","max-snippet":"max-snippet:-1","max-image-preview":"max-image-preview:large","max-video-preview":"max-video-preview:-1"},"canonical":"https:\/\/marcoronconi.com\/it\/edizioni-kamui\/","og_locale":"it_IT","og_type":"article","og_title":"Edizioni Kamui Marco Ronconi Nature Photographer","og_url":"https:\/\/marcoronconi.com\/it\/edizioni-kamui\/","og_site_name":"Marco Ronconi Nature Photographer","article_publisher":"https:\/\/www.facebook.com\/Marco-Ronconi-photographer-493864744094649\/","article_modified_time":"2022-11-18T13:42:54+00:00","og_image":[{"url":"http:\/\/marcoronconi.com\/wp-content\/uploads\/2021\/05\/kamui_logo_bear-icon.jpg","type":"","width":"","height":""}],"twitter_card":"summary_large_image","twitter_misc":{"Tempo di lettura stimato":"3 minuti"},"schema":{"@context":"https:\/\/schema.org","@graph":[{"@type":"WebPage","@id":"https:\/\/marcoronconi.com\/it\/edizioni-kamui\/","url":"https:\/\/marcoronconi.com\/it\/edizioni-kamui\/","name":"Edizioni Kamui Marco Ronconi Nature Photographer","isPartOf":{"@id":"https:\/\/marcoronconi.com\/it\/#website"},"primaryImageOfPage":{"@id":"https:\/\/marcoronconi.com\/it\/edizioni-kamui\/#primaryimage"},"image":{"@id":"https:\/\/marcoronconi.com\/it\/edizioni-kamui\/#primaryimage"},"thumbnailUrl":"http:\/\/marcoronconi.com\/wp-content\/uploads\/2021\/05\/kamui_logo_bear-icon.jpg","datePublished":"2022-11-05T10:38:45+00:00","dateModified":"2022-11-18T13:42:54+00:00","breadcrumb":{"@id":"https:\/\/marcoronconi.com\/it\/edizioni-kamui\/#breadcrumb"},"inLanguage":"it-IT","potentialAction":[{"@type":"ReadAction","target":["https:\/\/marcoronconi.com\/it\/edizioni-kamui\/"]}]},{"@type":"ImageObject","inLanguage":"it-IT","@id":"https:\/\/marcoronconi.com\/it\/edizioni-kamui\/#primaryimage","url":"http:\/\/marcoronconi.com\/wp-content\/uploads\/2021\/05\/kamui_logo_bear-icon.jpg","contentUrl":"http:\/\/marcoronconi.com\/wp-content\/uploads\/2021\/05\/kamui_logo_bear-icon.jpg"},{"@type":"BreadcrumbList","@id":"https:\/\/marcoronconi.com\/it\/edizioni-kamui\/#breadcrumb","itemListElement":[{"@type":"ListItem","position":1,"name":"Home","item":"https:\/\/marcoronconi.com\/it\/"},{"@type":"ListItem","position":2,"name":"Edizioni Kamui"}]},{"@type":"WebSite","@id":"https:\/\/marcoronconi.com\/it\/#website","url":"https:\/\/marcoronconi.com\/it\/","name":"Marco Ronconi Nature Photographer","description":"Marco Ronconi Nature Photographer","publisher":{"@id":"https:\/\/marcoronconi.com\/it\/#organization"},"potentialAction":[{"@type":"SearchAction","target":{"@type":"EntryPoint","urlTemplate":"https:\/\/marcoronconi.com\/it\/?s={search_term_string}"},"query-input":{"@type":"PropertyValueSpecification","valueRequired":true,"valueName":"search_term_string"}}],"inLanguage":"it-IT"},{"@type":"Organization","@id":"https:\/\/marcoronconi.com\/it\/#organization","name":"Marco Ronconi Nature Photographer","url":"https:\/\/marcoronconi.com\/it\/","logo":{"@type":"ImageObject","inLanguage":"it-IT","@id":"https:\/\/marcoronconi.com\/it\/#\/schema\/logo\/image\/","url":"https:\/\/marcoronconi.com\/wp-content\/uploads\/2016\/01\/Marco-Ronconi-logo-def.png","contentUrl":"https:\/\/marcoronconi.com\/wp-content\/uploads\/2016\/01\/Marco-Ronconi-logo-def.png","width":350,"height":62,"caption":"Marco Ronconi Nature Photographer"},"image":{"@id":"https:\/\/marcoronconi.com\/it\/#\/schema\/logo\/image\/"},"sameAs":["https:\/\/www.facebook.com\/Marco-Ronconi-photographer-493864744094649\/","https:\/\/www.instagram.com\/marco_ronconi\/"]}]}},"_links":{"self":[{"href":"https:\/\/marcoronconi.com\/it\/wp-json\/wp\/v2\/pages\/3460","targetHints":{"allow":["GET"]}}],"collection":[{"href":"https:\/\/marcoronconi.com\/it\/wp-json\/wp\/v2\/pages"}],"about":[{"href":"https:\/\/marcoronconi.com\/it\/wp-json\/wp\/v2\/types\/page"}],"author":[{"embeddable":true,"href":"https:\/\/marcoronconi.com\/it\/wp-json\/wp\/v2\/users\/2"}],"replies":[{"embeddable":true,"href":"https:\/\/marcoronconi.com\/it\/wp-json\/wp\/v2\/comments?post=3460"}],"version-history":[{"count":41,"href":"https:\/\/marcoronconi.com\/it\/wp-json\/wp\/v2\/pages\/3460\/revisions"}],"predecessor-version":[{"id":3781,"href":"https:\/\/marcoronconi.com\/it\/wp-json\/wp\/v2\/pages\/3460\/revisions\/3781"}],"wp:attachment":[{"href":"https:\/\/marcoronconi.com\/it\/wp-json\/wp\/v2\/media?parent=3460"}],"curies":[{"name":"wp","href":"https:\/\/api.w.org\/{rel}","templated":true}]}}